{"id":1669,"date":"2022-08-29T14:47:20","date_gmt":"2022-08-29T12:47:20","guid":{"rendered":"https:\/\/gardensaltsjobaden.se\/contacte-con\/reservar-una-reunion\/"},"modified":"2022-08-29T14:50:55","modified_gmt":"2022-08-29T12:50:55","slug":"reservar-una-reunion","status":"publish","type":"page","link":"https:\/\/gardensaltsjobaden.se\/es\/contacte-con\/reservar-una-reunion\/","title":{"rendered":"Reservar una reuni\u00f3n"},"content":{"rendered":"<div class=\"gb-container gb-container-4e7350cb alignfull\"><div class=\"gb-inside-container\">\n<div class=\"gb-container gb-container-2681bef3\"><div class=\"gb-inside-container\">\n\n<p>Qu\u00e9 bueno que lo hayas encontrado aqu\u00ed. Rellene el formulario y cu\u00e9ntenos sobre sus planes y nos pondremos en contacto con usted lo antes posible.<\/p>\n\n<\/div><\/div>\n\n<div class=\"wpforms-container wpforms-container-full\" id=\"wpforms-1376\"><form id=\"wpforms-form-1376\" class=\"wpforms-validate wpforms-form wpforms-ajax-form\" data-formid=\"1376\" method=\"post\" enctype=\"multipart\/form-data\" action=\"\/es\/wp-json\/wp\/v2\/pages\/1669\" data-token=\"75d01c3c6a99b1226c624861e3aa59ee\"><noscript class=\"wpforms-error-noscript\">Por favor, activa JavaScript en tu navegador para completar este formulario.<\/noscript><div class=\"wpforms-field-container\"><div id=\"wpforms-1376-field_0-container\" class=\"wpforms-field wpforms-field-name\" data-field-id=\"0\"><label class=\"wpforms-field-label\" for=\"wpforms-1376-field_0\">Nombre * <span class=\"wpforms-required-label\">*<\/span><\/label><input type=\"text\" id=\"wpforms-1376-field_0\" class=\"wpforms-field-large wpforms-field-required\" name=\"wpforms[fields][0]\" required><\/div><div id=\"wpforms-1376-field_4-container\" class=\"wpforms-field wpforms-field-text\" data-field-id=\"4\"><label class=\"wpforms-field-label\" for=\"wpforms-1376-field_4\">Direcci\u00f3n * <span class=\"wpforms-required-label\">*<\/span><\/label><input type=\"text\" id=\"wpforms-1376-field_4\" class=\"wpforms-field-large wpforms-field-required\" name=\"wpforms[fields][4]\" required><\/div><div id=\"wpforms-1376-field_5-container\" class=\"wpforms-field wpforms-field-text wpforms-one-third wpforms-first\" data-field-id=\"5\"><label class=\"wpforms-field-label\" for=\"wpforms-1376-field_5\">C\u00f3digo postal * <span class=\"wpforms-required-label\">*<\/span><\/label><input type=\"text\" id=\"wpforms-1376-field_5\" class=\"wpforms-field-large wpforms-field-required\" name=\"wpforms[fields][5]\" required><\/div><div id=\"wpforms-1376-field_6-container\" class=\"wpforms-field wpforms-field-text wpforms-two-thirds\" data-field-id=\"6\"><label class=\"wpforms-field-label\" for=\"wpforms-1376-field_6\">Ciudad * <span class=\"wpforms-required-label\">*<\/span><\/label><input type=\"text\" id=\"wpforms-1376-field_6\" class=\"wpforms-field-large wpforms-field-required\" name=\"wpforms[fields][6]\" required><\/div><div id=\"wpforms-1376-field_1-container\" class=\"wpforms-field wpforms-field-email\" data-field-id=\"1\"><label class=\"wpforms-field-label\" for=\"wpforms-1376-field_1\">Correo electr\u00f3nico * <span class=\"wpforms-required-label\">*<\/span><\/label><input type=\"email\" id=\"wpforms-1376-field_1\" class=\"wpforms-field-large wpforms-field-required\" name=\"wpforms[fields][1]\" required><\/div><div id=\"wpforms-1376-field_3-container\" class=\"wpforms-field wpforms-field-radio wpforms-list-3-columns\" data-field-id=\"3\"><label class=\"wpforms-field-label\" for=\"wpforms-1376-field_3\">\u00bfQu\u00e9 tipo de jard\u00edn? * <span class=\"wpforms-required-label\">*<\/span><\/label><ul id=\"wpforms-1376-field_3\" class=\"wpforms-field-required wpforms-image-choices wpforms-image-choices-modern\"><li class=\"choice-1 depth-1 wpforms-image-choices-item\"><label class=\"wpforms-field-label-inline\" for=\"wpforms-1376-field_3_1\" tabindex=\"0\"><span class=\"wpforms-image-choices-image\"><img src=\"https:\/\/gardensaltsjobaden.se\/wp-content\/uploads\/2021\/11\/offertforfragan-tradgardsdesign-villa.jpg\" alt=\"Villa\" title=\"Villa\"><\/span><input type=\"radio\" id=\"wpforms-1376-field_3_1\" class=\"wpforms-screen-reader-element\" name=\"wpforms[fields][3]\" value=\"Villa\" tabindex=\"-1\" required ><span class=\"wpforms-image-choices-label\">Villa<\/span><\/label><\/li><li class=\"choice-3 depth-1 wpforms-image-choices-item\"><label class=\"wpforms-field-label-inline\" for=\"wpforms-1376-field_3_3\" tabindex=\"0\"><span class=\"wpforms-image-choices-image\"><img src=\"https:\/\/gardensaltsjobaden.se\/wp-content\/uploads\/2021\/11\/offertforfragan-tradgardsdesign-radhus.jpg\" alt=\"Adosado\" title=\"Adosado\"><\/span><input type=\"radio\" id=\"wpforms-1376-field_3_3\" class=\"wpforms-screen-reader-element\" name=\"wpforms[fields][3]\" value=\"Adosado\" tabindex=\"-1\" required ><span class=\"wpforms-image-choices-label\">Adosado<\/span><\/label><\/li><li class=\"choice-4 depth-1 wpforms-image-choices-item\"><label class=\"wpforms-field-label-inline\" for=\"wpforms-1376-field_3_4\" tabindex=\"0\"><span class=\"wpforms-image-choices-image\"><img src=\"https:\/\/gardensaltsjobaden.se\/wp-content\/uploads\/2021\/11\/offertforfragan-tradgardsdesign-brf.jpg\" alt=\"BRF\" title=\"BRF\"><\/span><input type=\"radio\" id=\"wpforms-1376-field_3_4\" class=\"wpforms-screen-reader-element\" name=\"wpforms[fields][3]\" value=\"BRF\" tabindex=\"-1\" required ><span class=\"wpforms-image-choices-label\">BRF<\/span><\/label><\/li><li class=\"choice-2 depth-1 wpforms-image-choices-item\"><label class=\"wpforms-field-label-inline\" for=\"wpforms-1376-field_3_2\" tabindex=\"0\"><span class=\"wpforms-image-choices-image\"><img src=\"https:\/\/gardensaltsjobaden.se\/wp-content\/uploads\/2021\/11\/offertforfragan-tradgardsdesign-offentlig_miljo.jpg\" alt=\"Entorno p\u00fablico\" title=\"Entorno p\u00fablico\"><\/span><input type=\"radio\" id=\"wpforms-1376-field_3_2\" class=\"wpforms-screen-reader-element\" name=\"wpforms[fields][3]\" value=\"Entorno p\u00fablico\" tabindex=\"-1\" required ><span class=\"wpforms-image-choices-label\">Entorno p\u00fablico<\/span><\/label><\/li><li class=\"choice-5 depth-1 wpforms-image-choices-item\"><label class=\"wpforms-field-label-inline\" for=\"wpforms-1376-field_3_5\" tabindex=\"0\"><span class=\"wpforms-image-choices-image\"><img src=\"https:\/\/gardensaltsjobaden.se\/wp-content\/uploads\/2021\/11\/offertforfragan-tradgardsdesign-annat.jpg\" alt=\"Otros\" title=\"Otros\"><\/span><input type=\"radio\" id=\"wpforms-1376-field_3_5\" class=\"wpforms-screen-reader-element\" name=\"wpforms[fields][3]\" value=\"Otros\" tabindex=\"-1\" required ><span class=\"wpforms-image-choices-label\">Otros<\/span><\/label><\/li><\/ul><\/div><div id=\"wpforms-1376-field_2-container\" class=\"wpforms-field wpforms-field-textarea\" data-field-id=\"2\"><label class=\"wpforms-field-label\" for=\"wpforms-1376-field_2\">Describe brevemente lo que quieres hacer. * <span class=\"wpforms-required-label\">*<\/span><\/label><textarea id=\"wpforms-1376-field_2\" class=\"wpforms-field-large wpforms-field-required\" name=\"wpforms[fields][2]\" required><\/textarea><\/div><\/div><div class=\"wpforms-recaptcha-container wpforms-is-recaptcha\"><div class=\"g-recaptcha\" data-sitekey=\"6LdWZBAdAAAAAHhoVApTP9ZQUSGQ8ZRbP9Y3ZOjc\"><\/div><input type=\"text\" name=\"g-recaptcha-hidden\" class=\"wpforms-recaptcha-hidden\" style=\"position:absolute!important;clip:rect(0,0,0,0)!important;height:1px!important;width:1px!important;border:0!important;overflow:hidden!important;padding:0!important;margin:0!important;\" required><\/div><div class=\"wpforms-submit-container\"><input type=\"hidden\" name=\"wpforms[id]\" value=\"1376\"><input type=\"hidden\" name=\"wpforms[author]\" value=\"1\"><button type=\"submit\" name=\"wpforms[submit]\" id=\"wpforms-submit-1376\" class=\"wpforms-submit\" data-alt-text=\"Enviando...\" data-submit-text=\"Enviar\" aria-live=\"assertive\" value=\"wpforms-submit\">Enviar<\/button><img src=\"https:\/\/gardensaltsjobaden.se\/wp-content\/plugins\/wpforms-lite\/assets\/images\/submit-spin.svg\" class=\"wpforms-submit-spinner\" style=\"display: none;\" width=\"26\" height=\"26\" alt=\"Cargando\"><\/div><\/form><\/div>  <!-- .wpforms-container -->\n<\/div><\/div>","protected":false},"excerpt":{"rendered":"","protected":false},"author":1,"featured_media":1511,"parent":1642,"menu_order":0,"comment_status":"closed","ping_status":"closed","template":"","meta":{"_generate-full-width-content":""},"_links":{"self":[{"href":"https:\/\/gardensaltsjobaden.se\/es\/wp-json\/wp\/v2\/pages\/1669"}],"collection":[{"href":"https:\/\/gardensaltsjobaden.se\/es\/wp-json\/wp\/v2\/pages"}],"about":[{"href":"https:\/\/gardensaltsjobaden.se\/es\/wp-json\/wp\/v2\/types\/page"}],"author":[{"embeddable":true,"href":"https:\/\/gardensaltsjobaden.se\/es\/wp-json\/wp\/v2\/users\/1"}],"replies":[{"embeddable":true,"href":"https:\/\/gardensaltsjobaden.se\/es\/wp-json\/wp\/v2\/comments?post=1669"}],"version-history":[{"count":2,"href":"https:\/\/gardensaltsjobaden.se\/es\/wp-json\/wp\/v2\/pages\/1669\/revisions"}],"predecessor-version":[{"id":1671,"href":"https:\/\/gardensaltsjobaden.se\/es\/wp-json\/wp\/v2\/pages\/1669\/revisions\/1671"}],"up":[{"embeddable":true,"href":"https:\/\/gardensaltsjobaden.se\/es\/wp-json\/wp\/v2\/pages\/1642"}],"wp:featuredmedia":[{"embeddable":true,"href":"https:\/\/gardensaltsjobaden.se\/es\/wp-json\/wp\/v2\/media\/1511"}],"wp:attachment":[{"href":"https:\/\/gardensaltsjobaden.se\/es\/wp-json\/wp\/v2\/media?parent=1669"}],"curies":[{"name":"wp","href":"https:\/\/api.w.org\/{rel}","templated":true}]}}