{"id":1642,"date":"2022-08-29T14:03:58","date_gmt":"2022-08-29T12:03:58","guid":{"rendered":"https:\/\/gardensaltsjobaden.se\/contacte-con\/"},"modified":"2022-08-29T14:04:04","modified_gmt":"2022-08-29T12:04:04","slug":"contacte-con","status":"publish","type":"page","link":"https:\/\/gardensaltsjobaden.se\/es\/contacte-con\/","title":{"rendered":"Contacte con"},"content":{"rendered":"<div class=\"gb-container gb-container-993c675f alignfull\"><div class=\"gb-inside-container\">\n<div class=\"gb-grid-wrapper gb-grid-wrapper-99c7cfd7\">\n<div class=\"gb-grid-column gb-grid-column-b1e3c88c\"><div class=\"gb-container gb-container-b1e3c88c\"><div class=\"gb-inside-container\">\n\n<h3>Contacto con nosotros<\/h3>\n\n\n\n<p>Rellene este formulario y nos pondremos en contacto con usted lo antes posible.<\/p>\n\n\n<div class=\"wpforms-container wpforms-container-full\" id=\"wpforms-1279\"><form id=\"wpforms-form-1279\" class=\"wpforms-validate wpforms-form wpforms-ajax-form\" data-formid=\"1279\" method=\"post\" enctype=\"multipart\/form-data\" action=\"\/es\/wp-json\/wp\/v2\/pages\/1642\" data-token=\"9bfbf5c4d85138d3ce2c656f4e20e49e\"><noscript class=\"wpforms-error-noscript\">Por favor, activa JavaScript en tu navegador para completar este formulario.<\/noscript><div class=\"wpforms-field-container\"><div id=\"wpforms-1279-field_0-container\" class=\"wpforms-field wpforms-field-name\" data-field-id=\"0\"><label class=\"wpforms-field-label\" for=\"wpforms-1279-field_0\">Nombre <span class=\"wpforms-required-label\">*<\/span><\/label><input type=\"text\" id=\"wpforms-1279-field_0\" class=\"wpforms-field-large wpforms-field-required\" name=\"wpforms[fields][0]\" required><\/div><div id=\"wpforms-1279-field_1-container\" class=\"wpforms-field wpforms-field-email\" data-field-id=\"1\"><label class=\"wpforms-field-label\" for=\"wpforms-1279-field_1\">Correo electr\u00f3nico <span class=\"wpforms-required-label\">*<\/span><\/label><input type=\"email\" id=\"wpforms-1279-field_1\" class=\"wpforms-field-large wpforms-field-required\" name=\"wpforms[fields][1]\" required><\/div><div id=\"wpforms-1279-field_2-container\" class=\"wpforms-field wpforms-field-textarea\" data-field-id=\"2\"><label class=\"wpforms-field-label\" for=\"wpforms-1279-field_2\">Mensaje <span class=\"wpforms-required-label\">*<\/span><\/label><textarea id=\"wpforms-1279-field_2\" class=\"wpforms-field-medium wpforms-field-required\" name=\"wpforms[fields][2]\" required><\/textarea><\/div><\/div><div class=\"wpforms-recaptcha-container wpforms-is-recaptcha\"><div class=\"g-recaptcha\" data-sitekey=\"6LdWZBAdAAAAAHhoVApTP9ZQUSGQ8ZRbP9Y3ZOjc\"><\/div><input type=\"text\" name=\"g-recaptcha-hidden\" class=\"wpforms-recaptcha-hidden\" style=\"position:absolute!important;clip:rect(0,0,0,0)!important;height:1px!important;width:1px!important;border:0!important;overflow:hidden!important;padding:0!important;margin:0!important;\" required><\/div><div class=\"wpforms-submit-container\"><input type=\"hidden\" name=\"wpforms[id]\" value=\"1279\"><input type=\"hidden\" name=\"wpforms[author]\" value=\"1\"><button type=\"submit\" name=\"wpforms[submit]\" id=\"wpforms-submit-1279\" class=\"wpforms-submit\" data-alt-text=\"Enviando...\" data-submit-text=\"Enviar\" aria-live=\"assertive\" value=\"wpforms-submit\">Enviar<\/button><img src=\"https:\/\/gardensaltsjobaden.se\/wp-content\/plugins\/wpforms-lite\/assets\/images\/submit-spin.svg\" class=\"wpforms-submit-spinner\" style=\"display: none;\" width=\"26\" height=\"26\" alt=\"Cargando\"><\/div><\/form><\/div>  <!-- .wpforms-container -->\n<\/div><\/div><\/div>\n\n<div class=\"gb-grid-column gb-grid-column-dc495dd7\"><div class=\"gb-container gb-container-dc495dd7\"><div class=\"gb-inside-container\">\n\n<figure class=\"wp-block-image size-large is-style-rounded\"><img loading=\"lazy\" width=\"1024\" height=\"1024\" src=\"https:\/\/gardensaltsjobaden.se\/wp-content\/uploads\/2021\/11\/garden-design-washington-1-1024x1024.jpg\" alt=\"\" class=\"wp-image-1182\" srcset=\"https:\/\/gardensaltsjobaden.se\/wp-content\/uploads\/2021\/11\/garden-design-washington-1-1024x1024.jpg 1024w, https:\/\/gardensaltsjobaden.se\/wp-content\/uploads\/2021\/11\/garden-design-washington-1-300x300.jpg 300w, https:\/\/gardensaltsjobaden.se\/wp-content\/uploads\/2021\/11\/garden-design-washington-1-150x150.jpg 150w, https:\/\/gardensaltsjobaden.se\/wp-content\/uploads\/2021\/11\/garden-design-washington-1-768x768.jpg 768w, https:\/\/gardensaltsjobaden.se\/wp-content\/uploads\/2021\/11\/garden-design-washington-1.jpg 1100w\" sizes=\"(max-width: 1024px) 100vw, 1024px\" \/><\/figure>\n\n<\/div><\/div><\/div>\n<\/div>\n<\/div><\/div><div class=\"gb-container gb-container-9cf2e74b alignfull\"><div class=\"gb-inside-container\">\n\n<h2>Solicitud de presupuesto <\/h2>\n\n\n<div class=\"gb-container gb-container-6f19607e\"><div class=\"gb-inside-container\">\n\n<p>Si est\u00e1s en las primeras etapas de un proyecto de jardiner\u00eda y ya sabes con qu\u00e9 necesitas ayuda. <\/p>\n\n<\/div><\/div>\n\n\n<p>Entonces puede rellenar el siguiente formulario. As\u00ed, ahorraremos tiempo juntos y empezaremos m\u00e1s r\u00e1pido la diversi\u00f3n.<\/p>\n\n\n<div class=\"wpforms-container wpforms-container-full\" id=\"wpforms-1376\"><form id=\"wpforms-form-1376\" class=\"wpforms-validate wpforms-form wpforms-ajax-form\" data-formid=\"1376\" method=\"post\" enctype=\"multipart\/form-data\" action=\"\/es\/wp-json\/wp\/v2\/pages\/1642\" data-token=\"f03354310dde689ed9e4d51e2aee9836\"><noscript class=\"wpforms-error-noscript\">Por favor, activa JavaScript en tu navegador para completar este formulario.<\/noscript><div class=\"wpforms-field-container\"><div id=\"wpforms-1376-field_0-container\" class=\"wpforms-field wpforms-field-name\" data-field-id=\"0\"><label class=\"wpforms-field-label\" for=\"wpforms-1376-field_0\">Nombre * <span class=\"wpforms-required-label\">*<\/span><\/label><input type=\"text\" id=\"wpforms-1376-field_0\" class=\"wpforms-field-large wpforms-field-required\" name=\"wpforms[fields][0]\" required><\/div><div id=\"wpforms-1376-field_4-container\" class=\"wpforms-field wpforms-field-text\" data-field-id=\"4\"><label class=\"wpforms-field-label\" for=\"wpforms-1376-field_4\">Direcci\u00f3n * <span class=\"wpforms-required-label\">*<\/span><\/label><input type=\"text\" id=\"wpforms-1376-field_4\" class=\"wpforms-field-large wpforms-field-required\" name=\"wpforms[fields][4]\" required><\/div><div id=\"wpforms-1376-field_5-container\" class=\"wpforms-field wpforms-field-text wpforms-one-third wpforms-first\" data-field-id=\"5\"><label class=\"wpforms-field-label\" for=\"wpforms-1376-field_5\">C\u00f3digo postal * <span class=\"wpforms-required-label\">*<\/span><\/label><input type=\"text\" id=\"wpforms-1376-field_5\" class=\"wpforms-field-large wpforms-field-required\" name=\"wpforms[fields][5]\" required><\/div><div id=\"wpforms-1376-field_6-container\" class=\"wpforms-field wpforms-field-text wpforms-two-thirds\" data-field-id=\"6\"><label class=\"wpforms-field-label\" for=\"wpforms-1376-field_6\">Ciudad * <span class=\"wpforms-required-label\">*<\/span><\/label><input type=\"text\" id=\"wpforms-1376-field_6\" class=\"wpforms-field-large wpforms-field-required\" name=\"wpforms[fields][6]\" required><\/div><div id=\"wpforms-1376-field_1-container\" class=\"wpforms-field wpforms-field-email\" data-field-id=\"1\"><label class=\"wpforms-field-label\" for=\"wpforms-1376-field_1\">Correo electr\u00f3nico * <span class=\"wpforms-required-label\">*<\/span><\/label><input type=\"email\" id=\"wpforms-1376-field_1\" class=\"wpforms-field-large wpforms-field-required\" name=\"wpforms[fields][1]\" required><\/div><div id=\"wpforms-1376-field_3-container\" class=\"wpforms-field wpforms-field-radio wpforms-list-3-columns\" data-field-id=\"3\"><label class=\"wpforms-field-label\" for=\"wpforms-1376-field_3\">\u00bfQu\u00e9 tipo de jard\u00edn? * <span class=\"wpforms-required-label\">*<\/span><\/label><ul id=\"wpforms-1376-field_3\" class=\"wpforms-field-required wpforms-image-choices wpforms-image-choices-modern\"><li class=\"choice-1 depth-1 wpforms-image-choices-item\"><label class=\"wpforms-field-label-inline\" for=\"wpforms-1376-field_3_1\" tabindex=\"0\"><span class=\"wpforms-image-choices-image\"><img src=\"https:\/\/gardensaltsjobaden.se\/wp-content\/uploads\/2021\/11\/offertforfragan-tradgardsdesign-villa.jpg\" alt=\"Villa\" title=\"Villa\"><\/span><input type=\"radio\" id=\"wpforms-1376-field_3_1\" class=\"wpforms-screen-reader-element\" name=\"wpforms[fields][3]\" value=\"Villa\" tabindex=\"-1\" required ><span class=\"wpforms-image-choices-label\">Villa<\/span><\/label><\/li><li class=\"choice-3 depth-1 wpforms-image-choices-item\"><label class=\"wpforms-field-label-inline\" for=\"wpforms-1376-field_3_3\" tabindex=\"0\"><span class=\"wpforms-image-choices-image\"><img src=\"https:\/\/gardensaltsjobaden.se\/wp-content\/uploads\/2021\/11\/offertforfragan-tradgardsdesign-radhus.jpg\" alt=\"Adosado\" title=\"Adosado\"><\/span><input type=\"radio\" id=\"wpforms-1376-field_3_3\" class=\"wpforms-screen-reader-element\" name=\"wpforms[fields][3]\" value=\"Adosado\" tabindex=\"-1\" required ><span class=\"wpforms-image-choices-label\">Adosado<\/span><\/label><\/li><li class=\"choice-4 depth-1 wpforms-image-choices-item\"><label class=\"wpforms-field-label-inline\" for=\"wpforms-1376-field_3_4\" tabindex=\"0\"><span class=\"wpforms-image-choices-image\"><img src=\"https:\/\/gardensaltsjobaden.se\/wp-content\/uploads\/2021\/11\/offertforfragan-tradgardsdesign-brf.jpg\" alt=\"BRF\" title=\"BRF\"><\/span><input type=\"radio\" id=\"wpforms-1376-field_3_4\" class=\"wpforms-screen-reader-element\" name=\"wpforms[fields][3]\" value=\"BRF\" tabindex=\"-1\" required ><span class=\"wpforms-image-choices-label\">BRF<\/span><\/label><\/li><li class=\"choice-2 depth-1 wpforms-image-choices-item\"><label class=\"wpforms-field-label-inline\" for=\"wpforms-1376-field_3_2\" tabindex=\"0\"><span class=\"wpforms-image-choices-image\"><img src=\"https:\/\/gardensaltsjobaden.se\/wp-content\/uploads\/2021\/11\/offertforfragan-tradgardsdesign-offentlig_miljo.jpg\" alt=\"Entorno p\u00fablico\" title=\"Entorno p\u00fablico\"><\/span><input type=\"radio\" id=\"wpforms-1376-field_3_2\" class=\"wpforms-screen-reader-element\" name=\"wpforms[fields][3]\" value=\"Entorno p\u00fablico\" tabindex=\"-1\" required ><span class=\"wpforms-image-choices-label\">Entorno p\u00fablico<\/span><\/label><\/li><li class=\"choice-5 depth-1 wpforms-image-choices-item\"><label class=\"wpforms-field-label-inline\" for=\"wpforms-1376-field_3_5\" tabindex=\"0\"><span class=\"wpforms-image-choices-image\"><img src=\"https:\/\/gardensaltsjobaden.se\/wp-content\/uploads\/2021\/11\/offertforfragan-tradgardsdesign-annat.jpg\" alt=\"Otros\" title=\"Otros\"><\/span><input type=\"radio\" id=\"wpforms-1376-field_3_5\" class=\"wpforms-screen-reader-element\" name=\"wpforms[fields][3]\" value=\"Otros\" tabindex=\"-1\" required ><span class=\"wpforms-image-choices-label\">Otros<\/span><\/label><\/li><\/ul><\/div><div id=\"wpforms-1376-field_2-container\" class=\"wpforms-field wpforms-field-textarea\" data-field-id=\"2\"><label class=\"wpforms-field-label\" for=\"wpforms-1376-field_2\">Describe brevemente lo que quieres hacer. * <span class=\"wpforms-required-label\">*<\/span><\/label><textarea id=\"wpforms-1376-field_2\" class=\"wpforms-field-large wpforms-field-required\" name=\"wpforms[fields][2]\" required><\/textarea><\/div><\/div><div class=\"wpforms-recaptcha-container wpforms-is-recaptcha\"><div class=\"g-recaptcha\" data-sitekey=\"6LdWZBAdAAAAAHhoVApTP9ZQUSGQ8ZRbP9Y3ZOjc\"><\/div><input type=\"text\" name=\"g-recaptcha-hidden\" class=\"wpforms-recaptcha-hidden\" style=\"position:absolute!important;clip:rect(0,0,0,0)!important;height:1px!important;width:1px!important;border:0!important;overflow:hidden!important;padding:0!important;margin:0!important;\" required><\/div><div class=\"wpforms-submit-container\"><input type=\"hidden\" name=\"wpforms[id]\" value=\"1376\"><input type=\"hidden\" name=\"wpforms[author]\" value=\"1\"><button type=\"submit\" name=\"wpforms[submit]\" id=\"wpforms-submit-1376\" class=\"wpforms-submit\" data-alt-text=\"Enviando...\" data-submit-text=\"Enviar\" aria-live=\"assertive\" value=\"wpforms-submit\">Enviar<\/button><img src=\"https:\/\/gardensaltsjobaden.se\/wp-content\/plugins\/wpforms-lite\/assets\/images\/submit-spin.svg\" class=\"wpforms-submit-spinner\" style=\"display: none;\" width=\"26\" height=\"26\" alt=\"Cargando\"><\/div><\/form><\/div>  <!-- .wpforms-container -->\n<\/div><\/div><div class=\"gb-container gb-container-ec52329b alignfull\"><div class=\"gb-inside-container\">\n\n<h3>Inspiraci\u00f3n de nuestros proyectos anteriores.<\/h3>\n\n\n<ul class=\"wp-block-latest-posts__list is-grid columns-3 wp-block-latest-posts\"><li><div class=\"wp-block-latest-posts__featured-image\"><img width=\"667\" height=\"667\" src=\"https:\/\/gardensaltsjobaden.se\/wp-content\/uploads\/2021\/10\/tradgardsarkitekt-5.jpg\" class=\"attachment-large size-large wp-post-image\" alt=\"\" loading=\"lazy\" style=\"\" srcset=\"https:\/\/gardensaltsjobaden.se\/wp-content\/uploads\/2021\/10\/tradgardsarkitekt-5.jpg 667w, https:\/\/gardensaltsjobaden.se\/wp-content\/uploads\/2021\/10\/tradgardsarkitekt-5-300x300.jpg 300w, https:\/\/gardensaltsjobaden.se\/wp-content\/uploads\/2021\/10\/tradgardsarkitekt-5-150x150.jpg 150w\" sizes=\"(max-width: 667px) 100vw, 667px\" \/><\/div><a href=\"https:\/\/gardensaltsjobaden.se\/es\/villa-es\/chalet-en-bromma\/\">Chalet en Bromma<\/a><\/li>\n<li><div class=\"wp-block-latest-posts__featured-image\"><img width=\"1024\" height=\"1024\" src=\"https:\/\/gardensaltsjobaden.se\/wp-content\/uploads\/2021\/11\/garden-design-washington-1-1024x1024.jpg\" class=\"attachment-large size-large wp-post-image\" alt=\"\" loading=\"lazy\" style=\"\" srcset=\"https:\/\/gardensaltsjobaden.se\/wp-content\/uploads\/2021\/11\/garden-design-washington-1-1024x1024.jpg 1024w, https:\/\/gardensaltsjobaden.se\/wp-content\/uploads\/2021\/11\/garden-design-washington-1-300x300.jpg 300w, https:\/\/gardensaltsjobaden.se\/wp-content\/uploads\/2021\/11\/garden-design-washington-1-150x150.jpg 150w, https:\/\/gardensaltsjobaden.se\/wp-content\/uploads\/2021\/11\/garden-design-washington-1-768x768.jpg 768w, https:\/\/gardensaltsjobaden.se\/wp-content\/uploads\/2021\/11\/garden-design-washington-1.jpg 1100w\" sizes=\"(max-width: 1024px) 100vw, 1024px\" \/><\/div><a href=\"https:\/\/gardensaltsjobaden.se\/es\/villa-es\/cambio-radical-de-un-solar-abandonado-a-un-pequeno-paraiso-privado-en-medio-de-la-ciudad\/\">Cambio radical: de un solar abandonado a un peque\u00f1o para\u00edso privado en medio de la ciudad<\/a><\/li>\n<li><div class=\"wp-block-latest-posts__featured-image\"><img width=\"1024\" height=\"1024\" src=\"https:\/\/gardensaltsjobaden.se\/wp-content\/uploads\/2021\/11\/garden-design-washington-14-1024x1024.jpg\" class=\"attachment-large size-large wp-post-image\" alt=\"\" loading=\"lazy\" style=\"\" srcset=\"https:\/\/gardensaltsjobaden.se\/wp-content\/uploads\/2021\/11\/garden-design-washington-14-1024x1024.jpg 1024w, https:\/\/gardensaltsjobaden.se\/wp-content\/uploads\/2021\/11\/garden-design-washington-14-300x300.jpg 300w, https:\/\/gardensaltsjobaden.se\/wp-content\/uploads\/2021\/11\/garden-design-washington-14-150x150.jpg 150w, https:\/\/gardensaltsjobaden.se\/wp-content\/uploads\/2021\/11\/garden-design-washington-14-768x768.jpg 768w, https:\/\/gardensaltsjobaden.se\/wp-content\/uploads\/2021\/11\/garden-design-washington-14.jpg 1100w\" sizes=\"(max-width: 1024px) 100vw, 1024px\" \/><\/div><a href=\"https:\/\/gardensaltsjobaden.se\/es\/villa-es\/mucho-espacio-en-un-area-pequena\/\">Mucho espacio en un \u00e1rea peque\u00f1a<\/a><\/li>\n<li><div class=\"wp-block-latest-posts__featured-image\"><img width=\"600\" height=\"600\" src=\"https:\/\/gardensaltsjobaden.se\/wp-content\/uploads\/2021\/11\/garden-design-colon-pergola-15.jpg\" class=\"attachment-large size-large wp-post-image\" alt=\"\" loading=\"lazy\" style=\"\" srcset=\"https:\/\/gardensaltsjobaden.se\/wp-content\/uploads\/2021\/11\/garden-design-colon-pergola-15.jpg 600w, https:\/\/gardensaltsjobaden.se\/wp-content\/uploads\/2021\/11\/garden-design-colon-pergola-15-300x300.jpg 300w, https:\/\/gardensaltsjobaden.se\/wp-content\/uploads\/2021\/11\/garden-design-colon-pergola-15-150x150.jpg 150w\" sizes=\"(max-width: 600px) 100vw, 600px\" \/><\/div><a href=\"https:\/\/gardensaltsjobaden.se\/es\/villa-es\/colon-pergola\/\">P\u00e9rgola de Col\u00f3n<\/a><\/li>\n<li><div class=\"wp-block-latest-posts__featured-image\"><img width=\"1024\" height=\"1024\" src=\"https:\/\/gardensaltsjobaden.se\/wp-content\/uploads\/2021\/11\/garden-design-karch-residence-14-1024x1024.jpg\" class=\"attachment-large size-large wp-post-image\" alt=\"\" loading=\"lazy\" style=\"\" srcset=\"https:\/\/gardensaltsjobaden.se\/wp-content\/uploads\/2021\/11\/garden-design-karch-residence-14-1024x1024.jpg 1024w, https:\/\/gardensaltsjobaden.se\/wp-content\/uploads\/2021\/11\/garden-design-karch-residence-14-300x300.jpg 300w, https:\/\/gardensaltsjobaden.se\/wp-content\/uploads\/2021\/11\/garden-design-karch-residence-14-150x150.jpg 150w, https:\/\/gardensaltsjobaden.se\/wp-content\/uploads\/2021\/11\/garden-design-karch-residence-14-768x768.jpg 768w, https:\/\/gardensaltsjobaden.se\/wp-content\/uploads\/2021\/11\/garden-design-karch-residence-14.jpg 1100w\" sizes=\"(max-width: 1024px) 100vw, 1024px\" \/><\/div><a href=\"https:\/\/gardensaltsjobaden.se\/es\/villa-es\/residencia-karch\/\">Residencia Karch<\/a><\/li>\n<li><div class=\"wp-block-latest-posts__featured-image\"><img width=\"1024\" height=\"1024\" src=\"https:\/\/gardensaltsjobaden.se\/wp-content\/uploads\/2021\/11\/garden-design-masri-residence-14-1024x1024.jpg\" class=\"attachment-large size-large wp-post-image\" alt=\"\" loading=\"lazy\" style=\"\" srcset=\"https:\/\/gardensaltsjobaden.se\/wp-content\/uploads\/2021\/11\/garden-design-masri-residence-14-1024x1024.jpg 1024w, https:\/\/gardensaltsjobaden.se\/wp-content\/uploads\/2021\/11\/garden-design-masri-residence-14-300x300.jpg 300w, https:\/\/gardensaltsjobaden.se\/wp-content\/uploads\/2021\/11\/garden-design-masri-residence-14-150x150.jpg 150w, https:\/\/gardensaltsjobaden.se\/wp-content\/uploads\/2021\/11\/garden-design-masri-residence-14-768x768.jpg 768w, https:\/\/gardensaltsjobaden.se\/wp-content\/uploads\/2021\/11\/garden-design-masri-residence-14.jpg 1100w\" sizes=\"(max-width: 1024px) 100vw, 1024px\" \/><\/div><a href=\"https:\/\/gardensaltsjobaden.se\/es\/villa-es\/residencia-masri\/\">Residencia Masri<\/a><\/li>\n<\/ul>\n<\/div><\/div>","protected":false},"excerpt":{"rendered":"","protected":false},"author":1,"featured_media":1615,"parent":0,"menu_order":0,"comment_status":"closed","ping_status":"closed","template":"","meta":{"_generate-full-width-content":""},"_links":{"self":[{"href":"https:\/\/gardensaltsjobaden.se\/es\/wp-json\/wp\/v2\/pages\/1642"}],"collection":[{"href":"https:\/\/gardensaltsjobaden.se\/es\/wp-json\/wp\/v2\/pages"}],"about":[{"href":"https:\/\/gardensaltsjobaden.se\/es\/wp-json\/wp\/v2\/types\/page"}],"author":[{"embeddable":true,"href":"https:\/\/gardensaltsjobaden.se\/es\/wp-json\/wp\/v2\/users\/1"}],"replies":[{"embeddable":true,"href":"https:\/\/gardensaltsjobaden.se\/es\/wp-json\/wp\/v2\/comments?post=1642"}],"version-history":[{"count":3,"href":"https:\/\/gardensaltsjobaden.se\/es\/wp-json\/wp\/v2\/pages\/1642\/revisions"}],"predecessor-version":[{"id":1645,"href":"https:\/\/gardensaltsjobaden.se\/es\/wp-json\/wp\/v2\/pages\/1642\/revisions\/1645"}],"wp:featuredmedia":[{"embeddable":true,"href":"https:\/\/gardensaltsjobaden.se\/es\/wp-json\/wp\/v2\/media\/1615"}],"wp:attachment":[{"href":"https:\/\/gardensaltsjobaden.se\/es\/wp-json\/wp\/v2\/media?parent=1642"}],"curies":[{"name":"wp","href":"https:\/\/api.w.org\/{rel}","templated":true}]}}