{"id":1626,"date":"2022-08-26T15:57:27","date_gmt":"2022-08-26T13:57:27","guid":{"rendered":"https:\/\/gardensaltsjobaden.se\/inicio\/"},"modified":"2023-02-09T16:54:59","modified_gmt":"2023-02-09T15:54:59","slug":"inicio","status":"publish","type":"page","link":"https:\/\/gardensaltsjobaden.se\/es\/","title":{"rendered":"Inicio"},"content":{"rendered":"<div class=\"gb-container gb-container-3e8993af alignfull\"><div class=\"gb-inside-container\">\n<div class=\"gb-grid-wrapper gb-grid-wrapper-b1a7e1b8\">\n<div class=\"gb-grid-column gb-grid-column-c7ee0c7e\"><div class=\"gb-container gb-container-c7ee0c7e\"><div class=\"gb-inside-container\">\n\n<h1>Dise\u00f1o de jardines en Estocolmo y en el mundo*<\/h1>\n\n\n\n<p>Creamos todo tipo de jardines, desde balcones hasta grandes espacios verdes, p\u00fablicos y privados, con dise\u00f1os que van desde simples bocetos hasta los m\u00e1s complejos en funci\u00f3n de las necesidades.<\/p>\n\n<\/div><\/div><\/div>\n\n<div class=\"gb-grid-column gb-grid-column-8fce18f5\"><div class=\"gb-container gb-container-8fce18f5 startpagelinks\"><div class=\"gb-inside-container\">\n\n<h4 class=\"has-base-3-color has-text-color\"><a href=\"https:\/\/gardensaltsjobaden.se\/es\/proyecto\/\" data-type=\"page\"><em>Nuestros proyectos<\/em> \u2192<\/a><\/h4>\n\n\n\n<h4 class=\"has-base-3-color has-text-color\"><a href=\"https:\/\/gardensaltsjobaden.se\/es\/diseno-de-jardines-como-funciona\/\" data-type=\"page\"><em>\u00bfC\u00f3mo funciona?<\/em> \u2192<\/a><\/h4>\n\n\n\n<h4 class=\"has-base-3-color has-text-color\"><a href=\"https:\/\/gardensaltsjobaden.se\/es\/contacte-con\/reservar-una-reunion\/\" data-type=\"page\"><em>Solicitud de presupuesto<\/em> \u2192<\/a><\/h4>\n\n<\/div><\/div><\/div>\n<\/div>\n<\/div><\/div><div class=\"gb-container gb-container-349460de alignfull\"><div class=\"gb-inside-container\">\n<div class=\"gb-container gb-container-3328a4f7 alignwide\"><div class=\"gb-inside-container\">\n\n<h1>Garden Design Saltsj\u00f6baden<\/h1>\n\n\n\n<p>Irma Hummel es la dise\u00f1adora principal y fundadora de Garden Design Saltsj\u00f6baden AB, con amplia experiencia en el dise\u00f1o de jardines, desde peque\u00f1os balcones, jardines en terrazas hasta zonas residenciales completas.<\/p>\n\n\n\n<p>Estamos especializados en adaptar los jardines al cliente gracias a nuestra larga experiencia internacional. *Nuestros clientes incluyen la zona de Estocolmo, Washington DC, Espa\u00f1a y Uruguay.<\/p>\n\n\n<div class=\"gb-button-wrapper gb-button-wrapper-4b35b530\">\n\n<a class=\"gb-button gb-button-text\" href=\"https:\/\/gardensaltsjobaden.se\/es\/arquitecto-de-jardines-lea-sobre-la-empresa\/\">M\u00e1s informaci\u00f3n sobre nosotros \u2192<\/a>\n\n<\/div>\n<\/div><\/div>\n<\/div><\/div><div class=\"gb-container gb-container-da071efc alignfull\"><div class=\"gb-inside-container\">\n<div class=\"gb-container gb-container-3fe74ec7\"><div class=\"gb-inside-container\">\n\n<h5>\u00bfC\u00d3MO FUNCIONA?<\/h5>\n\n\n\n<h1>Dise\u00f1o de jardines<\/h1>\n\n<\/div><\/div>\n<\/div><\/div><div class=\"gb-container gb-container-fa2de19c alignfull\"><div class=\"gb-inside-container\">\n<div class=\"gb-grid-wrapper gb-grid-wrapper-ba94d17b startpagepuffar\">\n<div class=\"gb-grid-column gb-grid-column-2d903519\"><div class=\"gb-container gb-container-2d903519\"><div class=\"gb-inside-container\">\n\n<h4>Visita a las instalaciones<\/h4>\n\n\n\n<p>El dise\u00f1o de un jard\u00edn siempre comienza con una visita al lugar en el que repasamos sus deseos e ideas para el nuevo jard\u00edn.<\/p>\n\n<\/div><\/div><\/div>\n\n<div class=\"gb-grid-column gb-grid-column-61830761\"><div class=\"gb-container gb-container-61830761\"><div class=\"gb-inside-container\">\n\n<h4>Dise\u00f1o<\/h4>\n\n\n\n<p>Una vez que hayamos acordado un precio, es el momento de elaborar una propuesta en forma de dise\u00f1o para usted.<\/p>\n\n<\/div><\/div><\/div>\n\n<div class=\"gb-grid-column gb-grid-column-51a6612d\"><div class=\"gb-container gb-container-51a6612d\"><div class=\"gb-inside-container\">\n\n<h4>Implementar<\/h4>\n\n\n\n<p>Aqu\u00ed es donde comienza la parte divertida, una vez que haya aprobado nuestros dise\u00f1os. Es hora de empezar a hacer realidad su nuevo espacio exterior y su jard\u00edn.<\/p>\n\n<\/div><\/div><\/div>\n<\/div>\n\n\n<h4 class=\"has-text-align-right\"><a title=\"DISE&#xD1;O DE JARDINES\" href=\"https:\/\/gardensaltsjobaden.se\/es\/diseno-de-jardines-como-funciona\/\" data-type=\"page\">M\u00e1s informaci\u00f3n sobre c\u00f3mo trabajamos \u2192<\/a><\/h4>\n\n<\/div><\/div><div class=\"gb-container gb-container-3c763e64 alignfull\"><div class=\"gb-inside-container\">\n\n<blockquote class=\"wp-block-quote\"><p>Un espacio verde hecho a su gusto, necesidades y posibilidades, respetando el paisaje circundante.<\/p><\/blockquote>\n\n<\/div><\/div><div class=\"gb-grid-column gb-grid-column-6693435c\"><div class=\"gb-container gb-container-6693435c\"><div class=\"gb-inside-container\"><\/div><\/div><\/div><div class=\"gb-container gb-container-ad3d6f2b alignfull\"><div class=\"gb-inside-container\">\n\n<h1>Proyecto<\/h1>\n\n\n<ul class=\"wp-block-latest-posts__list is-grid columns-2 wp-block-latest-posts\"><li><div class=\"wp-block-latest-posts__featured-image\"><img width=\"667\" height=\"667\" src=\"https:\/\/gardensaltsjobaden.se\/wp-content\/uploads\/2021\/10\/tradgardsarkitekt-5.jpg\" class=\"attachment-large size-large wp-post-image\" alt=\"\" loading=\"lazy\" style=\"\" srcset=\"https:\/\/gardensaltsjobaden.se\/wp-content\/uploads\/2021\/10\/tradgardsarkitekt-5.jpg 667w, https:\/\/gardensaltsjobaden.se\/wp-content\/uploads\/2021\/10\/tradgardsarkitekt-5-300x300.jpg 300w, https:\/\/gardensaltsjobaden.se\/wp-content\/uploads\/2021\/10\/tradgardsarkitekt-5-150x150.jpg 150w\" sizes=\"(max-width: 667px) 100vw, 667px\" \/><\/div><a href=\"https:\/\/gardensaltsjobaden.se\/es\/villa-es\/chalet-en-bromma\/\">Chalet en Bromma<\/a><\/li>\n<li><div class=\"wp-block-latest-posts__featured-image\"><img width=\"1024\" height=\"1024\" src=\"https:\/\/gardensaltsjobaden.se\/wp-content\/uploads\/2021\/11\/garden-design-washington-1-1024x1024.jpg\" class=\"attachment-large size-large wp-post-image\" alt=\"\" loading=\"lazy\" style=\"\" srcset=\"https:\/\/gardensaltsjobaden.se\/wp-content\/uploads\/2021\/11\/garden-design-washington-1-1024x1024.jpg 1024w, https:\/\/gardensaltsjobaden.se\/wp-content\/uploads\/2021\/11\/garden-design-washington-1-300x300.jpg 300w, https:\/\/gardensaltsjobaden.se\/wp-content\/uploads\/2021\/11\/garden-design-washington-1-150x150.jpg 150w, https:\/\/gardensaltsjobaden.se\/wp-content\/uploads\/2021\/11\/garden-design-washington-1-768x768.jpg 768w, https:\/\/gardensaltsjobaden.se\/wp-content\/uploads\/2021\/11\/garden-design-washington-1.jpg 1100w\" sizes=\"(max-width: 1024px) 100vw, 1024px\" \/><\/div><a href=\"https:\/\/gardensaltsjobaden.se\/es\/villa-es\/cambio-radical-de-un-solar-abandonado-a-un-pequeno-paraiso-privado-en-medio-de-la-ciudad\/\">Cambio radical: de un solar abandonado a un peque\u00f1o para\u00edso privado en medio de la ciudad<\/a><\/li>\n<li><div class=\"wp-block-latest-posts__featured-image\"><img width=\"1024\" height=\"1024\" src=\"https:\/\/gardensaltsjobaden.se\/wp-content\/uploads\/2021\/11\/garden-design-washington-14-1024x1024.jpg\" class=\"attachment-large size-large wp-post-image\" alt=\"\" loading=\"lazy\" style=\"\" srcset=\"https:\/\/gardensaltsjobaden.se\/wp-content\/uploads\/2021\/11\/garden-design-washington-14-1024x1024.jpg 1024w, https:\/\/gardensaltsjobaden.se\/wp-content\/uploads\/2021\/11\/garden-design-washington-14-300x300.jpg 300w, https:\/\/gardensaltsjobaden.se\/wp-content\/uploads\/2021\/11\/garden-design-washington-14-150x150.jpg 150w, https:\/\/gardensaltsjobaden.se\/wp-content\/uploads\/2021\/11\/garden-design-washington-14-768x768.jpg 768w, https:\/\/gardensaltsjobaden.se\/wp-content\/uploads\/2021\/11\/garden-design-washington-14.jpg 1100w\" sizes=\"(max-width: 1024px) 100vw, 1024px\" \/><\/div><a href=\"https:\/\/gardensaltsjobaden.se\/es\/villa-es\/mucho-espacio-en-un-area-pequena\/\">Mucho espacio en un \u00e1rea peque\u00f1a<\/a><\/li>\n<li><div class=\"wp-block-latest-posts__featured-image\"><img width=\"600\" height=\"600\" src=\"https:\/\/gardensaltsjobaden.se\/wp-content\/uploads\/2021\/11\/garden-design-colon-pergola-15.jpg\" class=\"attachment-large size-large wp-post-image\" alt=\"\" loading=\"lazy\" style=\"\" srcset=\"https:\/\/gardensaltsjobaden.se\/wp-content\/uploads\/2021\/11\/garden-design-colon-pergola-15.jpg 600w, https:\/\/gardensaltsjobaden.se\/wp-content\/uploads\/2021\/11\/garden-design-colon-pergola-15-300x300.jpg 300w, https:\/\/gardensaltsjobaden.se\/wp-content\/uploads\/2021\/11\/garden-design-colon-pergola-15-150x150.jpg 150w\" sizes=\"(max-width: 600px) 100vw, 600px\" \/><\/div><a href=\"https:\/\/gardensaltsjobaden.se\/es\/villa-es\/colon-pergola\/\">P\u00e9rgola de Col\u00f3n<\/a><\/li>\n<\/ul>\n\n<div class=\"gb-container gb-container-bcfd2e8e\"><div class=\"gb-inside-container\">\n\n<h4 class=\"has-text-align-right\"><a href=\"https:\/\/gardensaltsjobaden.se\/es\/proyecto\/\" data-type=\"page\">Ver todos \u2192<\/a><\/h4>\n\n<\/div><\/div>\n<\/div><\/div>","protected":false},"excerpt":{"rendered":"<p>Un espacio verde hecho a su gusto, necesidades y posibilidades, respetando el paisaje circundante.<\/p>\n","protected":false},"author":1,"featured_media":0,"parent":0,"menu_order":0,"comment_status":"closed","ping_status":"closed","template":"","meta":{"_generate-full-width-content":""},"_links":{"self":[{"href":"https:\/\/gardensaltsjobaden.se\/es\/wp-json\/wp\/v2\/pages\/1626"}],"collection":[{"href":"https:\/\/gardensaltsjobaden.se\/es\/wp-json\/wp\/v2\/pages"}],"about":[{"href":"https:\/\/gardensaltsjobaden.se\/es\/wp-json\/wp\/v2\/types\/page"}],"author":[{"embeddable":true,"href":"https:\/\/gardensaltsjobaden.se\/es\/wp-json\/wp\/v2\/users\/1"}],"replies":[{"embeddable":true,"href":"https:\/\/gardensaltsjobaden.se\/es\/wp-json\/wp\/v2\/comments?post=1626"}],"version-history":[{"count":5,"href":"https:\/\/gardensaltsjobaden.se\/es\/wp-json\/wp\/v2\/pages\/1626\/revisions"}],"predecessor-version":[{"id":1822,"href":"https:\/\/gardensaltsjobaden.se\/es\/wp-json\/wp\/v2\/pages\/1626\/revisions\/1822"}],"wp:attachment":[{"href":"https:\/\/gardensaltsjobaden.se\/es\/wp-json\/wp\/v2\/media?parent=1626"}],"curies":[{"name":"wp","href":"https:\/\/api.w.org\/{rel}","templated":true}]}}